{"id":439,"date":"2025-02-19T23:07:37","date_gmt":"2025-02-19T23:07:37","guid":{"rendered":"https:\/\/suvalgus.ee\/?post_type=product&#038;p=439"},"modified":"2025-11-17T11:57:27","modified_gmt":"2025-11-17T11:57:27","slug":"white-oak-wideline","status":"publish","type":"product","link":"https:\/\/suvalgus.ee\/et\/toode\/white-oak-wideline\/","title":{"rendered":"WHITE OAK WIDELINE"},"content":{"rendered":"<p>Woody kollektsiooni eredaim p\u00e4rl on valmistatud t\u00f6\u00f6tlemata naturaalsest tammest, millele on peale kantud peen valge vaha kiht. T\u00e4nu vahale tuleb esile tamme rikkalik tekstuur, luues ainulaadse ja k\u00f6itva disainvalgusti. Ideaalne valik siseruumidesse.<\/p>","protected":false},"excerpt":{"rendered":"<p>Ainulaadne ja luksuslik.<\/p>","protected":false},"featured_media":284,"comment_status":"open","ping_status":"closed","template":"","meta":[],"product_brand":[],"product_cat":[70,15],"product_tag":[],"class_list":{"0":"post-439","1":"product","2":"type-product","3":"status-publish","4":"has-post-thumbnail","6":"product_cat-collection-woody","7":"product_cat-uncategorized","9":"first","10":"instock","11":"taxable","12":"shipping-taxable","13":"purchasable","14":"product-type-variable"},"yoast_head":"<!-- This site is optimized with the Yoast SEO plugin v27.4 - https:\/\/yoast.com\/product\/yoast-seo-wordpress\/ -->\n<title>WHITE OAK wideline \u2013 designer illuminated planter - SU VALGUS Estonia<\/title>\n<meta name=\"description\" content=\"Designer illuminated planter WHITE OAK wideline by SU VALGUS Estonia. Order LED plant pot with warm light, made to order and shipped across Europe.\" \/>\n<meta name=\"robots\" content=\"index, follow, max-snippet:-1, max-image-preview:large, max-video-preview:-1\" \/>\n<link rel=\"canonical\" href=\"https:\/\/suvalgus.ee\/et\/toode\/white-oak-wideline\/\" \/>\n<meta property=\"og:locale\" content=\"et_EE\" \/>\n<meta property=\"og:type\" content=\"article\" \/>\n<meta property=\"og:title\" content=\"WHITE OAK wideline \u2013 designer illuminated planter - SU VALGUS Estonia\" \/>\n<meta property=\"og:description\" content=\"Designer illuminated planter WHITE OAK wideline by SU VALGUS Estonia. Order LED plant pot with warm light, made to order and shipped across Europe.\" \/>\n<meta property=\"og:url\" content=\"https:\/\/suvalgus.ee\/et\/toode\/white-oak-wideline\/\" \/>\n<meta property=\"og:site_name\" content=\"Suvalgus\" \/>\n<meta property=\"article:modified_time\" content=\"2025-11-17T11:57:27+00:00\" \/>\n<meta property=\"og:image\" content=\"https:\/\/suvalgus.ee\/wp-content\/uploads\/2025\/02\/White-oak-group-scaled.jpg\" \/>\n\t<meta property=\"og:image:width\" content=\"1280\" \/>\n\t<meta property=\"og:image:height\" content=\"854\" \/>\n\t<meta property=\"og:image:type\" content=\"image\/jpeg\" \/>\n<meta name=\"twitter:card\" content=\"summary_large_image\" \/>\n<meta name=\"twitter:label1\" content=\"Est. reading time\" \/>\n\t<meta name=\"twitter:data1\" content=\"1 minut\" \/>\n<script type=\"application\/ld+json\" class=\"yoast-schema-graph\">{\"@context\":\"https:\\\/\\\/schema.org\",\"@graph\":[{\"@type\":\"WebPage\",\"@id\":\"https:\\\/\\\/suvalgus.ee\\\/product\\\/white-oak-wideline\\\/\",\"url\":\"https:\\\/\\\/suvalgus.ee\\\/product\\\/white-oak-wideline\\\/\",\"name\":\"WHITE OAK wideline \u2013 designer illuminated planter - SU VALGUS Estonia\",\"isPartOf\":{\"@id\":\"https:\\\/\\\/suvalgus.ee\\\/#website\"},\"primaryImageOfPage\":{\"@id\":\"https:\\\/\\\/suvalgus.ee\\\/product\\\/white-oak-wideline\\\/#primaryimage\"},\"image\":{\"@id\":\"https:\\\/\\\/suvalgus.ee\\\/product\\\/white-oak-wideline\\\/#primaryimage\"},\"thumbnailUrl\":\"https:\\\/\\\/suvalgus.ee\\\/wp-content\\\/uploads\\\/2025\\\/02\\\/White-oak-group-scaled.jpg\",\"datePublished\":\"2025-02-19T23:07:37+00:00\",\"dateModified\":\"2025-11-17T11:57:27+00:00\",\"description\":\"Designer illuminated planter WHITE OAK wideline by SU VALGUS Estonia. Order LED plant pot with warm light, made to order and shipped across Europe.\",\"breadcrumb\":{\"@id\":\"https:\\\/\\\/suvalgus.ee\\\/product\\\/white-oak-wideline\\\/#breadcrumb\"},\"inLanguage\":\"et\",\"potentialAction\":[{\"@type\":\"ReadAction\",\"target\":[\"https:\\\/\\\/suvalgus.ee\\\/product\\\/white-oak-wideline\\\/\"]}]},{\"@type\":\"ImageObject\",\"inLanguage\":\"et\",\"@id\":\"https:\\\/\\\/suvalgus.ee\\\/product\\\/white-oak-wideline\\\/#primaryimage\",\"url\":\"https:\\\/\\\/suvalgus.ee\\\/wp-content\\\/uploads\\\/2025\\\/02\\\/White-oak-group-scaled.jpg\",\"contentUrl\":\"https:\\\/\\\/suvalgus.ee\\\/wp-content\\\/uploads\\\/2025\\\/02\\\/White-oak-group-scaled.jpg\",\"width\":1280,\"height\":854},{\"@type\":\"BreadcrumbList\",\"@id\":\"https:\\\/\\\/suvalgus.ee\\\/product\\\/white-oak-wideline\\\/#breadcrumb\",\"itemListElement\":[{\"@type\":\"ListItem\",\"position\":1,\"name\":\"Home\",\"item\":\"https:\\\/\\\/suvalgus.ee\\\/\"},{\"@type\":\"ListItem\",\"position\":2,\"name\":\"Shop\",\"item\":\"https:\\\/\\\/suvalgus.ee\\\/shop\\\/\"},{\"@type\":\"ListItem\",\"position\":3,\"name\":\"WHITE OAK wideline\"}]},{\"@type\":\"WebSite\",\"@id\":\"https:\\\/\\\/suvalgus.ee\\\/#website\",\"url\":\"https:\\\/\\\/suvalgus.ee\\\/\",\"name\":\"Suvalgus\",\"description\":\"\",\"potentialAction\":[{\"@type\":\"SearchAction\",\"target\":{\"@type\":\"EntryPoint\",\"urlTemplate\":\"https:\\\/\\\/suvalgus.ee\\\/?s={search_term_string}\"},\"query-input\":{\"@type\":\"PropertyValueSpecification\",\"valueRequired\":true,\"valueName\":\"search_term_string\"}}],\"inLanguage\":\"et\"}]}<\/script>\n<!-- \/ Yoast SEO plugin. -->","yoast_head_json":{"title":"WHITE OAK wideline \u2013 designer illuminated planter - SU VALGUS Estonia","description":"Designer illuminated planter WHITE OAK wideline by SU VALGUS Estonia. Order LED plant pot with warm light, made to order and shipped across Europe.","robots":{"index":"index","follow":"follow","max-snippet":"max-snippet:-1","max-image-preview":"max-image-preview:large","max-video-preview":"max-video-preview:-1"},"canonical":"https:\/\/suvalgus.ee\/et\/toode\/white-oak-wideline\/","og_locale":"et_EE","og_type":"article","og_title":"WHITE OAK wideline \u2013 designer illuminated planter - SU VALGUS Estonia","og_description":"Designer illuminated planter WHITE OAK wideline by SU VALGUS Estonia. Order LED plant pot with warm light, made to order and shipped across Europe.","og_url":"https:\/\/suvalgus.ee\/et\/toode\/white-oak-wideline\/","og_site_name":"Suvalgus","article_modified_time":"2025-11-17T11:57:27+00:00","og_image":[{"width":1280,"height":854,"url":"https:\/\/suvalgus.ee\/wp-content\/uploads\/2025\/02\/White-oak-group-scaled.jpg","type":"image\/jpeg"}],"twitter_card":"summary_large_image","twitter_misc":{"Est. reading time":"1 minut"},"schema":{"@context":"https:\/\/schema.org","@graph":[{"@type":"WebPage","@id":"https:\/\/suvalgus.ee\/product\/white-oak-wideline\/","url":"https:\/\/suvalgus.ee\/product\/white-oak-wideline\/","name":"WHITE OAK wideline \u2013 designer illuminated planter - SU VALGUS Estonia","isPartOf":{"@id":"https:\/\/suvalgus.ee\/#website"},"primaryImageOfPage":{"@id":"https:\/\/suvalgus.ee\/product\/white-oak-wideline\/#primaryimage"},"image":{"@id":"https:\/\/suvalgus.ee\/product\/white-oak-wideline\/#primaryimage"},"thumbnailUrl":"https:\/\/suvalgus.ee\/wp-content\/uploads\/2025\/02\/White-oak-group-scaled.jpg","datePublished":"2025-02-19T23:07:37+00:00","dateModified":"2025-11-17T11:57:27+00:00","description":"Designer illuminated planter WHITE OAK wideline by SU VALGUS Estonia. Order LED plant pot with warm light, made to order and shipped across Europe.","breadcrumb":{"@id":"https:\/\/suvalgus.ee\/product\/white-oak-wideline\/#breadcrumb"},"inLanguage":"et","potentialAction":[{"@type":"ReadAction","target":["https:\/\/suvalgus.ee\/product\/white-oak-wideline\/"]}]},{"@type":"ImageObject","inLanguage":"et","@id":"https:\/\/suvalgus.ee\/product\/white-oak-wideline\/#primaryimage","url":"https:\/\/suvalgus.ee\/wp-content\/uploads\/2025\/02\/White-oak-group-scaled.jpg","contentUrl":"https:\/\/suvalgus.ee\/wp-content\/uploads\/2025\/02\/White-oak-group-scaled.jpg","width":1280,"height":854},{"@type":"BreadcrumbList","@id":"https:\/\/suvalgus.ee\/product\/white-oak-wideline\/#breadcrumb","itemListElement":[{"@type":"ListItem","position":1,"name":"Home","item":"https:\/\/suvalgus.ee\/"},{"@type":"ListItem","position":2,"name":"Shop","item":"https:\/\/suvalgus.ee\/shop\/"},{"@type":"ListItem","position":3,"name":"WHITE OAK wideline"}]},{"@type":"WebSite","@id":"https:\/\/suvalgus.ee\/#website","url":"https:\/\/suvalgus.ee\/","name":"Suvalgus","description":"","potentialAction":[{"@type":"SearchAction","target":{"@type":"EntryPoint","urlTemplate":"https:\/\/suvalgus.ee\/?s={search_term_string}"},"query-input":{"@type":"PropertyValueSpecification","valueRequired":true,"valueName":"search_term_string"}}],"inLanguage":"et"}]}},"_links":{"self":[{"href":"https:\/\/suvalgus.ee\/et\/wp-json\/wp\/v2\/product\/439","targetHints":{"allow":["GET"]}}],"collection":[{"href":"https:\/\/suvalgus.ee\/et\/wp-json\/wp\/v2\/product"}],"about":[{"href":"https:\/\/suvalgus.ee\/et\/wp-json\/wp\/v2\/types\/product"}],"replies":[{"embeddable":true,"href":"https:\/\/suvalgus.ee\/et\/wp-json\/wp\/v2\/comments?post=439"}],"version-history":[{"count":1,"href":"https:\/\/suvalgus.ee\/et\/wp-json\/wp\/v2\/product\/439\/revisions"}],"predecessor-version":[{"id":1045,"href":"https:\/\/suvalgus.ee\/et\/wp-json\/wp\/v2\/product\/439\/revisions\/1045"}],"wp:featuredmedia":[{"embeddable":true,"href":"https:\/\/suvalgus.ee\/et\/wp-json\/wp\/v2\/media\/284"}],"wp:attachment":[{"href":"https:\/\/suvalgus.ee\/et\/wp-json\/wp\/v2\/media?parent=439"}],"wp:term":[{"taxonomy":"product_brand","embeddable":true,"href":"https:\/\/suvalgus.ee\/et\/wp-json\/wp\/v2\/product_brand?post=439"},{"taxonomy":"product_cat","embeddable":true,"href":"https:\/\/suvalgus.ee\/et\/wp-json\/wp\/v2\/product_cat?post=439"},{"taxonomy":"product_tag","embeddable":true,"href":"https:\/\/suvalgus.ee\/et\/wp-json\/wp\/v2\/product_tag?post=439"}],"curies":[{"name":"wp","href":"https:\/\/api.w.org\/{rel}","templated":true}]}}