{"id":778,"date":"2025-03-21T20:06:00","date_gmt":"2025-03-21T20:06:00","guid":{"rendered":"https:\/\/suvalgus.ee\/?page_id=778"},"modified":"2025-07-16T15:02:10","modified_gmt":"2025-07-16T15:02:10","slug":"delivery-terms","status":"publish","type":"page","link":"https:\/\/suvalgus.ee\/et\/delivery-terms\/","title":{"rendered":"Saatmistingimused"},"content":{"rendered":"<div data-elementor-type=\"wp-page\" data-elementor-id=\"778\" class=\"elementor elementor-778\" data-elementor-post-type=\"page\">\n\t\t\t\t<div class=\"elementor-element elementor-element-565acac e-flex e-con-boxed e-con e-parent\" data-id=\"565acac\" data-element_type=\"container\" data-e-type=\"container\" data-settings=\"{&quot;background_background&quot;:&quot;classic&quot;}\">\n\t\t\t\t\t<div class=\"e-con-inner\">\n\t\t\t\t<div class=\"elementor-element elementor-element-d2a7a3f elementor-widget elementor-widget-heading\" data-id=\"d2a7a3f\" data-element_type=\"widget\" data-e-type=\"widget\" data-widget_type=\"heading.default\">\n\t\t\t\t<div class=\"elementor-widget-container\">\n\t\t\t\t\t<h2 class=\"elementor-heading-title elementor-size-default\">Saatmistingimused\n\n<\/h2>\t\t\t\t<\/div>\n\t\t\t\t<\/div>\n\t\t\t\t<div class=\"elementor-element elementor-element-b9790e7 elementor-widget elementor-widget-text-editor\" data-id=\"b9790e7\" data-element_type=\"widget\" data-e-type=\"widget\" data-widget_type=\"text-editor.default\">\n\t\t\t\t<div class=\"elementor-widget-container\">\n\t\t\t\t\t\t\t\t\t<p>Siin kirjeldatud saatmistingimused ja reeglid kehtivad j\u00e4rgmisest veebipoest tellides: <strong data-start=\"174\" data-end=\"193\">www.suvalgus.ee<\/strong>, mida haldab <strong data-start=\"207\" data-end=\"223\">Su Valgus O\u00dc<\/strong> (registrikoodiga: 12487579, edaspidi \"ettev\u00f5te\u201d). Tellimust tehes n\u00f5ustud k\u00e4esolevate tingimuste ja reeglitega.<\/p>\t\t\t\t\t\t\t\t<\/div>\n\t\t\t\t<\/div>\n\t\t\t\t<div class=\"elementor-element elementor-element-3d8a8aa elementor-widget elementor-widget-text-editor\" data-id=\"3d8a8aa\" data-element_type=\"widget\" data-e-type=\"widget\" data-widget_type=\"text-editor.default\">\n\t\t\t\t<div class=\"elementor-widget-container\">\n\t\t\t\t\t\t\t\t\t<p><strong>1. \u00dcldine informatsioon<\/strong><br>1.1 Ettev\u00f5te saadab suured ja \u00f5rnad tooted tellijani alati kullerteenusena.<br>1.2 Saadetisi on v\u00f5imalik saata Eesti piires ja v\u00e4lisriikidesse, mis on loetletud allpool tabelis 4.1<br>1.3 Tulenevalt toote erip\u00e4rast, v\u00f5ib toote pakendamine ja saatmiseks ettevalmistamine n\u00f5uda pikemat ajalist ressurssi.<br>1.4. Klient peab tagama, et edastatakse t\u00e4psed saatmisandmed. K\u00f5ik t\u00e4iendavad kohaletoimetamise v\u00f5i tagastamise kulud, mis tekivad valeandmete t\u00f5ttu, j\u00e4\u00e4vad kliendi kanda.<\/p>\n<p><strong><br><\/strong><\/p>\n<p><strong>2. Kohaletoimetamise v\u00f5imalused<\/strong><br>2.1. K\u00f5ik tellimused toimetatakse kohale usaldusv\u00e4\u00e4rsete kullerteenust pakkuvate ettev\u00f5tete kaudu, kellel on kogemus \u00f5rnade ja suuremate esemete k\u00e4sitlemisel.<br>2.2. Kohaletoimetamine toimub alati uksest-ukseni teenusena kliendi poolt m\u00e4rgitud aadressile.<br>2.3. Kliendile saadetakse paki j\u00e4lgimiskood e-posti aadressile, mille klient on edastanud.<\/p>\n<p><strong><br><\/strong><\/p>\n<p><strong>3. Kohale toimetamine ja selle tasu<\/strong><br>3.1. Kohaletoimetamise hinnad ja ajad varieeruvad sihtkoha riigist, mis on loetletud allpool olevas tabelis 4.1.<br>3.2. Suurte esemete ette valmistamine, pakkimine ja teele saatmine v\u00f5ib v\u00f5tta kauem aega, kuni 5 t\u00f6\u00f6p\u00e4eva tellimuse valmimise hetkest.<br>3.3. Tasuta kohaletoimetamise v\u00f5imalused, kui neid on v\u00f5imalik rakendada, on samuti  loetletud kohaletoimetamise tabelis, 4.1.<\/p>\n<p><strong><br><\/strong><\/p><p><strong>4. Kohaletoimetamise tabel<\/strong><\/p>\n<p>Teiste riikide saatmistasud arvutatakse tellimuse tegemise hetkel ostukorvi kassas -<br>T\u00e4psed saatmiskulud arvutatakse suuruse, kaalu ja sihtkoha p\u00f5hjal ning kuvatakse kassas.<\/p>\n<p><strong><br><\/strong><\/p><p><strong>5. Tellimuse k\u00e4tte saamine<\/strong><br>5.1. Kohale toimetamisel peab klient paki \u00fcle kontrollima n\u00e4htavate kahjustuste osas enne vastuv\u00f5tu allkirjastamist.<br>5.2. Kui pakk on kahjustatud, m\u00e4rkige see kulleri kohaletoimetamise t\u00f5endile ja v\u00f5tke \u00fchendust info@suvalgus.ee 48 tunni jooksul.<br>5.3. Kui klient ei ole paki vastu v\u00f5tmiseks k\u00e4ttesaadav, on vajalik uue aja kokku leppimine, millega v\u00f5ivad kaasneda lisatasud.<\/p>\n<p><strong><br><\/strong><\/p><p><strong>6. Saatmata v\u00f5i kaotatud tellimused<\/strong><br>6.1. Kui pakki ei saa kohale toimetada vale info v\u00f5i kliendi puudumise t\u00f5ttu, v\u00f5ib kuller saadetise meile tagasi saata.<br>6.2. K\u00f5ik uuesti kohaletoimetamise- v\u00f5i tagastamiskulud on kliendi kanda.<br>6.3. Kadunud saadetiste puhul uurib saatja kullerfirmalt paki teekonda. Kui pakk on kinnitatud kadunuks, korraldatakse kliendiga kokkuleppel kas asendus v\u00f5i tagasimakse.<\/p>\n<p><strong><br><\/strong><\/p><p><strong>7. Tollid ja rahvusvahelised tellimused<\/strong><br>7.1. Rahvusvahelistele saadetistele v\u00e4ljaspool Euroopa Liitu v\u00f5ivad kohanduda erinevad maksud ja tollitasud. Need tasud on tasub kauba tellija.<br>7.2. Ettev\u00f5te ei vastuta tolliprotseduuridest p\u00f5hjustatud viivituste eest.<\/p>\n<p><strong><br><\/strong><\/p><p><strong>8. V\u00e4\u00e4ramatu j\u00f5ud<\/strong><br>Ettev\u00f5te ei vastuta viivituste, kauba h\u00e4vinemise v\u00f5i kadumise eest, mis on tingitud tema kontrolli alt v\u00e4ljas olevatest asjaoludest (force majeure), n\u00e4iteks: streigid, loodus\u00f5nnetused, pandeemiad, s\u00f5da v\u00f5i transporditeenuste katkestused.<\/p>\n<p><strong><br><\/strong><\/p><p><strong>9. Kontakt<\/strong><br>Kohaletoimetamisega seotud k\u00fcsimuste korral palun v\u00f5tke \u00fchendust:<\/p>\n<p>Su Valgus O\u00dc<br>Registrikood: 12487579<br>Email: info@suvalgus.ee<\/p>\t\t\t\t\t\t\t\t<\/div>\n\t\t\t\t<\/div>\n\t\t\t\t\t<\/div>\n\t\t\t\t<\/div>\n\t\t\t\t<\/div>","protected":false},"excerpt":{"rendered":"<p>DELIVERY TERMS AND CONDITIONS These Delivery Terms and Conditions outline the shipping and delivery policies for purchases made on www.suvalgus.ee, operated by Su Valgus O\u00dc (registration code: 12487579, hereinafter referred to as the &#8220;Company&#8221;). By placing an order, you agree to the terms specified below. 1. General Information1.1. The Company ships large and fragile items [&hellip;]<\/p>\n","protected":false},"author":1,"featured_media":0,"parent":0,"menu_order":0,"comment_status":"closed","ping_status":"closed","template":"elementor_header_footer","meta":{"footnotes":""},"class_list":["post-778","page","type-page","status-publish","hentry"],"yoast_head":"<!-- This site is optimized with the Yoast SEO plugin v27.4 - https:\/\/yoast.com\/product\/yoast-seo-wordpress\/ -->\n<title>Delivery Terms | Suvalgus Outdoor Lighting Shipping Info - Suvalgus<\/title>\n<meta name=\"description\" content=\"Learn about Suvalgus delivery terms, shipping times, and conditions for outdoor lighting orders. Reliable service across Europe and beyond.\" \/>\n<meta name=\"robots\" content=\"noindex, nofollow\" \/>\n<meta property=\"og:locale\" content=\"et_EE\" \/>\n<meta property=\"og:type\" content=\"article\" \/>\n<meta property=\"og:title\" content=\"Delivery Terms | Suvalgus Outdoor Lighting Shipping Info - Suvalgus\" \/>\n<meta property=\"og:description\" content=\"Learn about Suvalgus delivery terms, shipping times, and conditions for outdoor lighting orders. Reliable service across Europe and beyond.\" \/>\n<meta property=\"og:url\" content=\"https:\/\/suvalgus.ee\/et\/delivery-terms\/\" \/>\n<meta property=\"og:site_name\" content=\"Suvalgus\" \/>\n<meta property=\"article:modified_time\" content=\"2025-07-16T15:02:10+00:00\" \/>\n<meta name=\"twitter:card\" content=\"summary_large_image\" \/>\n<meta name=\"twitter:label1\" content=\"Est. reading time\" \/>\n\t<meta name=\"twitter:data1\" content=\"3 minutit\" \/>\n<script type=\"application\/ld+json\" class=\"yoast-schema-graph\">{\"@context\":\"https:\\\/\\\/schema.org\",\"@graph\":[{\"@type\":\"WebPage\",\"@id\":\"https:\\\/\\\/suvalgus.ee\\\/delivery-terms\\\/\",\"url\":\"https:\\\/\\\/suvalgus.ee\\\/delivery-terms\\\/\",\"name\":\"Delivery Terms | Suvalgus Outdoor Lighting Shipping Info - Suvalgus\",\"isPartOf\":{\"@id\":\"https:\\\/\\\/suvalgus.ee\\\/#website\"},\"datePublished\":\"2025-03-21T20:06:00+00:00\",\"dateModified\":\"2025-07-16T15:02:10+00:00\",\"description\":\"Learn about Suvalgus delivery terms, shipping times, and conditions for outdoor lighting orders. Reliable service across Europe and beyond.\",\"breadcrumb\":{\"@id\":\"https:\\\/\\\/suvalgus.ee\\\/delivery-terms\\\/#breadcrumb\"},\"inLanguage\":\"et\",\"potentialAction\":[{\"@type\":\"ReadAction\",\"target\":[\"https:\\\/\\\/suvalgus.ee\\\/delivery-terms\\\/\"]}]},{\"@type\":\"BreadcrumbList\",\"@id\":\"https:\\\/\\\/suvalgus.ee\\\/delivery-terms\\\/#breadcrumb\",\"itemListElement\":[{\"@type\":\"ListItem\",\"position\":1,\"name\":\"Home\",\"item\":\"https:\\\/\\\/suvalgus.ee\\\/\"},{\"@type\":\"ListItem\",\"position\":2,\"name\":\"Delivery Terms\"}]},{\"@type\":\"WebSite\",\"@id\":\"https:\\\/\\\/suvalgus.ee\\\/#website\",\"url\":\"https:\\\/\\\/suvalgus.ee\\\/\",\"name\":\"Suvalgus\",\"description\":\"\",\"potentialAction\":[{\"@type\":\"SearchAction\",\"target\":{\"@type\":\"EntryPoint\",\"urlTemplate\":\"https:\\\/\\\/suvalgus.ee\\\/?s={search_term_string}\"},\"query-input\":{\"@type\":\"PropertyValueSpecification\",\"valueRequired\":true,\"valueName\":\"search_term_string\"}}],\"inLanguage\":\"et\"}]}<\/script>\n<!-- \/ Yoast SEO plugin. -->","yoast_head_json":{"title":"Delivery Terms | Suvalgus Outdoor Lighting Shipping Info - Suvalgus","description":"Learn about Suvalgus delivery terms, shipping times, and conditions for outdoor lighting orders. Reliable service across Europe and beyond.","robots":{"index":"noindex","follow":"nofollow"},"og_locale":"et_EE","og_type":"article","og_title":"Delivery Terms | Suvalgus Outdoor Lighting Shipping Info - Suvalgus","og_description":"Learn about Suvalgus delivery terms, shipping times, and conditions for outdoor lighting orders. Reliable service across Europe and beyond.","og_url":"https:\/\/suvalgus.ee\/et\/delivery-terms\/","og_site_name":"Suvalgus","article_modified_time":"2025-07-16T15:02:10+00:00","twitter_card":"summary_large_image","twitter_misc":{"Est. reading time":"3 minutit"},"schema":{"@context":"https:\/\/schema.org","@graph":[{"@type":"WebPage","@id":"https:\/\/suvalgus.ee\/delivery-terms\/","url":"https:\/\/suvalgus.ee\/delivery-terms\/","name":"Delivery Terms | Suvalgus Outdoor Lighting Shipping Info - Suvalgus","isPartOf":{"@id":"https:\/\/suvalgus.ee\/#website"},"datePublished":"2025-03-21T20:06:00+00:00","dateModified":"2025-07-16T15:02:10+00:00","description":"Learn about Suvalgus delivery terms, shipping times, and conditions for outdoor lighting orders. Reliable service across Europe and beyond.","breadcrumb":{"@id":"https:\/\/suvalgus.ee\/delivery-terms\/#breadcrumb"},"inLanguage":"et","potentialAction":[{"@type":"ReadAction","target":["https:\/\/suvalgus.ee\/delivery-terms\/"]}]},{"@type":"BreadcrumbList","@id":"https:\/\/suvalgus.ee\/delivery-terms\/#breadcrumb","itemListElement":[{"@type":"ListItem","position":1,"name":"Home","item":"https:\/\/suvalgus.ee\/"},{"@type":"ListItem","position":2,"name":"Delivery Terms"}]},{"@type":"WebSite","@id":"https:\/\/suvalgus.ee\/#website","url":"https:\/\/suvalgus.ee\/","name":"Suvalgus","description":"","potentialAction":[{"@type":"SearchAction","target":{"@type":"EntryPoint","urlTemplate":"https:\/\/suvalgus.ee\/?s={search_term_string}"},"query-input":{"@type":"PropertyValueSpecification","valueRequired":true,"valueName":"search_term_string"}}],"inLanguage":"et"}]}},"_links":{"self":[{"href":"https:\/\/suvalgus.ee\/et\/wp-json\/wp\/v2\/pages\/778","targetHints":{"allow":["GET"]}}],"collection":[{"href":"https:\/\/suvalgus.ee\/et\/wp-json\/wp\/v2\/pages"}],"about":[{"href":"https:\/\/suvalgus.ee\/et\/wp-json\/wp\/v2\/types\/page"}],"author":[{"embeddable":true,"href":"https:\/\/suvalgus.ee\/et\/wp-json\/wp\/v2\/users\/1"}],"replies":[{"embeddable":true,"href":"https:\/\/suvalgus.ee\/et\/wp-json\/wp\/v2\/comments?post=778"}],"version-history":[{"count":7,"href":"https:\/\/suvalgus.ee\/et\/wp-json\/wp\/v2\/pages\/778\/revisions"}],"predecessor-version":[{"id":1533,"href":"https:\/\/suvalgus.ee\/et\/wp-json\/wp\/v2\/pages\/778\/revisions\/1533"}],"wp:attachment":[{"href":"https:\/\/suvalgus.ee\/et\/wp-json\/wp\/v2\/media?parent=778"}],"curies":[{"name":"wp","href":"https:\/\/api.w.org\/{rel}","templated":true}]}}