{"id":765,"date":"2025-03-21T18:00:46","date_gmt":"2025-03-21T18:00:46","guid":{"rendered":"https:\/\/suvalgus.ee\/?page_id=765"},"modified":"2025-07-16T14:48:26","modified_gmt":"2025-07-16T14:48:26","slug":"privacy-policy","status":"publish","type":"page","link":"https:\/\/suvalgus.ee\/et\/privacy-policy\/","title":{"rendered":"Privacy policy"},"content":{"rendered":"<div data-elementor-type=\"wp-page\" data-elementor-id=\"765\" class=\"elementor elementor-765\" data-elementor-post-type=\"page\">\n\t\t\t\t<div class=\"elementor-element elementor-element-e2ee665 e-flex e-con-boxed e-con e-parent\" data-id=\"e2ee665\" data-element_type=\"container\" data-e-type=\"container\" data-settings=\"{&quot;background_background&quot;:&quot;classic&quot;}\">\n\t\t\t\t\t<div class=\"e-con-inner\">\n\t\t\t\t<div class=\"elementor-element elementor-element-bf6f138 elementor-widget elementor-widget-heading\" data-id=\"bf6f138\" data-element_type=\"widget\" data-e-type=\"widget\" data-widget_type=\"heading.default\">\n\t\t\t\t<div class=\"elementor-widget-container\">\n\t\t\t\t\t<h2 class=\"elementor-heading-title elementor-size-default\">Privaatsustingimused\n\n<\/h2>\t\t\t\t<\/div>\n\t\t\t\t<\/div>\n\t\t\t\t<div class=\"elementor-element elementor-element-9478927 elementor-widget elementor-widget-text-editor\" data-id=\"9478927\" data-element_type=\"widget\" data-e-type=\"widget\" data-widget_type=\"text-editor.default\">\n\t\t\t\t<div class=\"elementor-widget-container\">\n\t\t\t\t\t\t\t\t\t<p>Privaatsustingimused kirjeldavad kuidas <strong data-start=\"90\" data-end=\"106\">Su Valgus O\u00dc<\/strong> (registrikoodiga: 12487579, edaspidi \"ettev\u00f5te\u201d) kogub, kasutab ja kaitseb kliendi andmeid kodulehel <strong data-start=\"242\" data-end=\"261\">www.suvalgus.ee<\/strong> (edaspidi \"veebileht\"). Me hindame klientide privaatsust ning t\u00f6\u00f6tleme andmeid Eesti ja Euroopa Liidu seadustest l\u00e4htuvalt, sealhulgas j\u00e4lgime GDPR p\u00f5him\u00f5tteid: <strong data-start=\"428\" data-end=\"482\">General Data Protection Regulation (GDPR 2016\/679)<\/strong>.<\/p>\t\t\t\t\t\t\t\t<\/div>\n\t\t\t\t<\/div>\n\t\t\t\t<div class=\"elementor-element elementor-element-334f1a5 elementor-widget elementor-widget-text-editor\" data-id=\"334f1a5\" data-element_type=\"widget\" data-e-type=\"widget\" data-widget_type=\"text-editor.default\">\n\t\t\t\t<div class=\"elementor-widget-container\">\n\t\t\t\t\t\t\t\t\t<p><strong>1. Milliseid andmeid me kogume?<\/strong><\/p>\n<p>Meie veebilehe kasutamise ja tellimuste esitamise korral v\u00f5ime koguda j\u00e4rgmisi andmeid:<\/p>\n<ul>\n<li>Isikuandmed: nimi, e-posti aadress, telefoninumber, aadress.<\/li>\n<li>Makseandmed: makseteavet t\u00f6\u00f6deldakse turvaliselt meie makseteenuste pakkujate kaudu.<\/li>\n<li>Kasutusandmed: veebilehe k\u00fclastused, IP-aadress, brauseri t\u00fc\u00fcp ja seadme teave (kogutud anal\u00fc\u00fcsi ja turvakaalutlusteks).<\/li>\n<li>Kliendi suhtlusandmed: kui kontakteerute meie klienditeenindusega (e-posti v\u00f5i kontaktvormide kaudu).<\/li>\n<\/ul>\n<p><strong><br><\/strong><\/p><p><strong>2. Kuidas me andmeid kasutame?<\/strong><\/p>\n<p>Kasutame kliendi isikuandmeid j\u00e4rgmistel eesm\u00e4rkidel:<\/p>\n<ul>\n<li>Tellimuste t\u00f6\u00f6tlemine ja t\u00e4itmine<\/li>\n<li>Klienditeeninduse pakkumine<\/li>\n<li>Uudiskirjade ja turundusmaterjalide saatmine (kliendi n\u00f5usolekul)<\/li>\n<li>Meie veebisaidi ja kasutajakogemuse parandamine<\/li>\n<li>\u00d5iguslike kohustuste t\u00e4itmine<\/li>\n<\/ul>\n<p><strong><br><\/strong><\/p><p><strong>3. Kas me jagame kliendi andmeid kolmandate osapooltega?<\/strong><\/p>\n<p>Me ei m\u00fc\u00fc, rendi ega jaga kliendi isikuandmeid kolmandate osapooltega, v\u00e4lja arvatud j\u00e4rgmistel juhtudel:<\/p>\n<ul>\n<li>Teenusepakkujad \u2013 logistika, makseteenuse ja anal\u00fc\u00fctikate pakkujad, toote transpordi ja maksete l\u00e4bi viimise eesm\u00e4rgil.<\/li>\n<li>\u00d5iguslikud n\u00f5uded \u2013 kui seadus n\u00f5uab.<\/li>\n<\/ul>\n<p>K\u00f5ik meie partnerid on kohustatud kaitsma kliendi andmeid ja j\u00e4rgima GDPR-i regulatsioone.<\/p>\n<p><strong><br><\/strong><\/p><p><strong>4. Kaua me s\u00e4ilitame kliendi andmeid?<\/strong><\/p>\n<p>Me s\u00e4ilitame isikuandmeid ainult nii kaua, kuni see on vajalik tellimuste v\u00f5i \u00f5iguskohustuste t\u00e4itmiseks.<\/p>\n<p>Kui andmeid t\u00f6\u00f6deldakse turunduseesm\u00e4rkidel, s\u00e4ilitakse neid kuni oma n\u00f5usoleku tagasiv\u00f5tmiseni.<\/p>\n<p>Raamatupidamisandmeid hoitakse 7 aastat, nagu n\u00f5uab Eesti seadus.<\/p>\n<p><strong><br><\/strong><\/p><p><strong>5. Kuidas me kaitseme kliendi andmeid?<\/strong><\/p>\n<p>Kasutame SSL-\u0161ifreerimist, et kaitsta teie andmeid edastamise ajal.<\/p>\n<p>Rakendame turvameetmeid, et v\u00e4ltida volitamata juurdep\u00e4\u00e4su.<\/p>\n<p>Ainult volitatud isikutel on juurdep\u00e4\u00e4s teie isiklikele andmetele.<\/p>\n<p><strong><br><\/strong><\/p><p><strong>6. Kliendi \u00f5igused<\/strong><\/p>\n<p>Kliendil on \u00f5igus:<\/p>\n<ul>\n<li>P\u00e4\u00e4seda ligi enda andmetele \u2013 v\u00f5ite paluda koopiat oma isiklikest andmetest.<\/li>\n<li>Korrigeerida enda andmeid - kui need on ebat\u00e4psed v\u00f5i puudu.<\/li>\n<li>Kustutada enda andmed - teatud juhtudel v\u00f5ite paluda andmete kustutamist.<\/li>\n<li>Piirata enda admete t\u00f6\u00f6tlemist \u2013 piirata, kuidas me andmeid kasutame.<\/li>\n<li>Loobuda enda  n\u00f5usolekust - kliendil on \u00f5igus igal ajal turunduskommunikatsioonist loobuda.<\/li>\n<\/ul>\n<p>Palun saada enda soov: info@suvalgus.ee<\/p>\n<p><strong><br><\/strong><\/p><p><strong>7. K\u00fcpsised<\/strong><\/p>\n<p>Meie veebisait kasutab k\u00fcpsiseid, et parandada kasutajakogemust ja anal\u00fc\u00fcsida liiklust. Me kasutame:<\/p>\n<ul>\n<li>Olulised k\u00fcpsised \u2013 vajalikud veebisaidi funktsionaalsuse jaoks.<\/li>\n<li>Anal\u00fc\u00fctikak\u00fcpsised \u2013 aitavad meil m\u00f5ista veebisaidi kasutust.<\/li>\n<li>Turundusk\u00fcpsised \u2013 isikup\u00e4rastatud reklaamide jaoks.<\/li>\n<\/ul>\n<p>Saate k\u00fcpsiseid hallata oma brauseri seadetes.<\/p>\n<p><strong><br><\/strong><\/p><p><strong>8. Muudatused Privaatsustingimustes<\/strong><\/p>\n<p>J\u00e4tame endale \u00f5iguse igal privaatsustingimusi uuendada. K\u00f5ik muudatused avaldatakse aadressil www.suvalgus.ee.<\/p>\n<p><strong><br><\/strong><\/p><p><strong>9. Kontakt<\/strong><\/p>\n<p>Kui teil on privaatsustingimuste kohta k\u00fcsimusi, v\u00f5tke meiega palun \u00fchendust:<\/p>\n<p>Su Valgus O\u00dc<br>Registrikood: 12487579<br>Email: info@suvalgus.ee<\/p>\t\t\t\t\t\t\t\t<\/div>\n\t\t\t\t<\/div>\n\t\t\t\t\t<\/div>\n\t\t\t\t<\/div>\n\t\t\t\t<\/div>","protected":false},"excerpt":{"rendered":"<p>PRIVACY POLICY This Privacy Policy describes how Su Valgus O\u00dc (registration code: 12487579, hereinafter referred to as the &#8220;Company&#8221;) collects, uses, and protects your personal data on the website www.suvalgus.ee (hereinafter referred to as the &#8220;Website&#8221;). We value your privacy and process data in accordance with Estonian and European Union data protection laws, including the [&hellip;]<\/p>\n","protected":false},"author":1,"featured_media":0,"parent":0,"menu_order":0,"comment_status":"closed","ping_status":"closed","template":"elementor_header_footer","meta":{"footnotes":""},"class_list":["post-765","page","type-page","status-publish","hentry"],"yoast_head":"<!-- This site is optimized with the Yoast SEO plugin v27.4 - https:\/\/yoast.com\/product\/yoast-seo-wordpress\/ -->\n<title>Privacy Policy | Suvalgus Outdoor Lighting - Suvalgus<\/title>\n<meta name=\"description\" content=\"Read the Suvalgus privacy policy to learn how we protect your data when you explore or purchase outdoor lighting through our website.\" \/>\n<meta name=\"robots\" content=\"noindex, nofollow\" \/>\n<meta property=\"og:locale\" content=\"et_EE\" \/>\n<meta property=\"og:type\" content=\"article\" \/>\n<meta property=\"og:title\" content=\"Privacy Policy | Suvalgus Outdoor Lighting - Suvalgus\" \/>\n<meta property=\"og:description\" content=\"Read the Suvalgus privacy policy to learn how we protect your data when you explore or purchase outdoor lighting through our website.\" \/>\n<meta property=\"og:url\" content=\"https:\/\/suvalgus.ee\/et\/privacy-policy\/\" \/>\n<meta property=\"og:site_name\" content=\"Suvalgus\" \/>\n<meta property=\"article:modified_time\" content=\"2025-07-16T14:48:26+00:00\" \/>\n<meta name=\"twitter:card\" content=\"summary_large_image\" \/>\n<meta name=\"twitter:label1\" content=\"Est. reading time\" \/>\n\t<meta name=\"twitter:data1\" content=\"3 minutit\" \/>\n<script type=\"application\/ld+json\" class=\"yoast-schema-graph\">{\"@context\":\"https:\\\/\\\/schema.org\",\"@graph\":[{\"@type\":\"WebPage\",\"@id\":\"https:\\\/\\\/suvalgus.ee\\\/privacy-policy\\\/\",\"url\":\"https:\\\/\\\/suvalgus.ee\\\/privacy-policy\\\/\",\"name\":\"Privacy Policy | Suvalgus Outdoor Lighting - Suvalgus\",\"isPartOf\":{\"@id\":\"https:\\\/\\\/suvalgus.ee\\\/#website\"},\"datePublished\":\"2025-03-21T18:00:46+00:00\",\"dateModified\":\"2025-07-16T14:48:26+00:00\",\"description\":\"Read the Suvalgus privacy policy to learn how we protect your data when you explore or purchase outdoor lighting through our website.\",\"breadcrumb\":{\"@id\":\"https:\\\/\\\/suvalgus.ee\\\/privacy-policy\\\/#breadcrumb\"},\"inLanguage\":\"et\",\"potentialAction\":[{\"@type\":\"ReadAction\",\"target\":[\"https:\\\/\\\/suvalgus.ee\\\/privacy-policy\\\/\"]}]},{\"@type\":\"BreadcrumbList\",\"@id\":\"https:\\\/\\\/suvalgus.ee\\\/privacy-policy\\\/#breadcrumb\",\"itemListElement\":[{\"@type\":\"ListItem\",\"position\":1,\"name\":\"Home\",\"item\":\"https:\\\/\\\/suvalgus.ee\\\/\"},{\"@type\":\"ListItem\",\"position\":2,\"name\":\"Privacy policy\"}]},{\"@type\":\"WebSite\",\"@id\":\"https:\\\/\\\/suvalgus.ee\\\/#website\",\"url\":\"https:\\\/\\\/suvalgus.ee\\\/\",\"name\":\"Suvalgus\",\"description\":\"\",\"potentialAction\":[{\"@type\":\"SearchAction\",\"target\":{\"@type\":\"EntryPoint\",\"urlTemplate\":\"https:\\\/\\\/suvalgus.ee\\\/?s={search_term_string}\"},\"query-input\":{\"@type\":\"PropertyValueSpecification\",\"valueRequired\":true,\"valueName\":\"search_term_string\"}}],\"inLanguage\":\"et\"}]}<\/script>\n<!-- \/ Yoast SEO plugin. -->","yoast_head_json":{"title":"Privacy Policy | Suvalgus Outdoor Lighting - Suvalgus","description":"Read the Suvalgus privacy policy to learn how we protect your data when you explore or purchase outdoor lighting through our website.","robots":{"index":"noindex","follow":"nofollow"},"og_locale":"et_EE","og_type":"article","og_title":"Privacy Policy | Suvalgus Outdoor Lighting - Suvalgus","og_description":"Read the Suvalgus privacy policy to learn how we protect your data when you explore or purchase outdoor lighting through our website.","og_url":"https:\/\/suvalgus.ee\/et\/privacy-policy\/","og_site_name":"Suvalgus","article_modified_time":"2025-07-16T14:48:26+00:00","twitter_card":"summary_large_image","twitter_misc":{"Est. reading time":"3 minutit"},"schema":{"@context":"https:\/\/schema.org","@graph":[{"@type":"WebPage","@id":"https:\/\/suvalgus.ee\/privacy-policy\/","url":"https:\/\/suvalgus.ee\/privacy-policy\/","name":"Privacy Policy | Suvalgus Outdoor Lighting - Suvalgus","isPartOf":{"@id":"https:\/\/suvalgus.ee\/#website"},"datePublished":"2025-03-21T18:00:46+00:00","dateModified":"2025-07-16T14:48:26+00:00","description":"Read the Suvalgus privacy policy to learn how we protect your data when you explore or purchase outdoor lighting through our website.","breadcrumb":{"@id":"https:\/\/suvalgus.ee\/privacy-policy\/#breadcrumb"},"inLanguage":"et","potentialAction":[{"@type":"ReadAction","target":["https:\/\/suvalgus.ee\/privacy-policy\/"]}]},{"@type":"BreadcrumbList","@id":"https:\/\/suvalgus.ee\/privacy-policy\/#breadcrumb","itemListElement":[{"@type":"ListItem","position":1,"name":"Home","item":"https:\/\/suvalgus.ee\/"},{"@type":"ListItem","position":2,"name":"Privacy policy"}]},{"@type":"WebSite","@id":"https:\/\/suvalgus.ee\/#website","url":"https:\/\/suvalgus.ee\/","name":"Suvalgus","description":"","potentialAction":[{"@type":"SearchAction","target":{"@type":"EntryPoint","urlTemplate":"https:\/\/suvalgus.ee\/?s={search_term_string}"},"query-input":{"@type":"PropertyValueSpecification","valueRequired":true,"valueName":"search_term_string"}}],"inLanguage":"et"}]}},"_links":{"self":[{"href":"https:\/\/suvalgus.ee\/et\/wp-json\/wp\/v2\/pages\/765","targetHints":{"allow":["GET"]}}],"collection":[{"href":"https:\/\/suvalgus.ee\/et\/wp-json\/wp\/v2\/pages"}],"about":[{"href":"https:\/\/suvalgus.ee\/et\/wp-json\/wp\/v2\/types\/page"}],"author":[{"embeddable":true,"href":"https:\/\/suvalgus.ee\/et\/wp-json\/wp\/v2\/users\/1"}],"replies":[{"embeddable":true,"href":"https:\/\/suvalgus.ee\/et\/wp-json\/wp\/v2\/comments?post=765"}],"version-history":[{"count":13,"href":"https:\/\/suvalgus.ee\/et\/wp-json\/wp\/v2\/pages\/765\/revisions"}],"predecessor-version":[{"id":1530,"href":"https:\/\/suvalgus.ee\/et\/wp-json\/wp\/v2\/pages\/765\/revisions\/1530"}],"wp:attachment":[{"href":"https:\/\/suvalgus.ee\/et\/wp-json\/wp\/v2\/media?parent=765"}],"curies":[{"name":"wp","href":"https:\/\/api.w.org\/{rel}","templated":true}]}}