{"id":76,"date":"2025-02-02T19:12:19","date_gmt":"2025-02-02T19:12:19","guid":{"rendered":"https:\/\/suvalgus.ee\/?page_id=76"},"modified":"2025-07-06T20:44:53","modified_gmt":"2025-07-06T20:44:53","slug":"collection-interno","status":"publish","type":"page","link":"https:\/\/suvalgus.ee\/et\/collection-interno\/","title":{"rendered":"Kollektsioon Interno"},"content":{"rendered":"<div data-elementor-type=\"wp-page\" data-elementor-id=\"76\" class=\"elementor elementor-76\" data-elementor-post-type=\"page\">\n\t\t\t\t<div class=\"elementor-element elementor-element-4ddf4dc e-con-full e-flex e-con e-parent\" data-id=\"4ddf4dc\" data-element_type=\"container\" data-e-type=\"container\" data-settings=\"{&quot;background_background&quot;:&quot;classic&quot;}\">\n\t\t<div class=\"elementor-element elementor-element-0aa21ca e-con-full e-flex e-con e-child\" data-id=\"0aa21ca\" data-element_type=\"container\" data-e-type=\"container\">\n\t\t\t\t<div class=\"elementor-element elementor-element-ffdde77 elementor-widget elementor-widget-heading\" data-id=\"ffdde77\" data-element_type=\"widget\" data-e-type=\"widget\" data-widget_type=\"heading.default\">\n\t\t\t\t<div class=\"elementor-widget-container\">\n\t\t\t\t\t<h2 class=\"elementor-heading-title elementor-size-default\">Interno Matte<\/h2>\t\t\t\t<\/div>\n\t\t\t\t<\/div>\n\t\t\t\t<div class=\"elementor-element elementor-element-2e6cb29 elementor-widget elementor-widget-text-editor\" data-id=\"2e6cb29\" data-element_type=\"widget\" data-e-type=\"widget\" data-widget_type=\"text-editor.default\">\n\t\t\t\t<div class=\"elementor-widget-container\">\n\t\t\t\t\t\t\t\t\t<p>Kollektsioon Interno lisab siseruumidesse puhtust ja soojust. Need disainvalgustid on loodud kaasaegsete interj\u00f6\u00f6ride t\u00e4iustamiseks - t\u00f5stes esile taimede ilu, samas ise sulandudes vaevata igasse ruumi. T\u00e4iuslik hubaste ja loodusest inspireeritud keskkondade loomiseks.<\/p>\t\t\t\t\t\t\t\t<\/div>\n\t\t\t\t<\/div>\n\t\t\t\t<div class=\"elementor-element elementor-element-e7bbc42 elementor-widget elementor-widget-text-editor\" data-id=\"e7bbc42\" data-element_type=\"widget\" data-e-type=\"widget\" data-widget_type=\"text-editor.default\">\n\t\t\t\t<div class=\"elementor-widget-container\">\n\t\t\t\t\t\t\t\t\tNeed akr\u00fc\u00fclviimistlusega disainvalgustid on kaunid, et silma paista, kuid piisavalt minimalistlikud, et lasta taimedel s\u00e4rada. Valikus on must v\u00f5i valge matt akr\u00fc\u00fcl.\t\t\t\t\t\t\t\t<\/div>\n\t\t\t\t<\/div>\n\t\t\t\t<div class=\"elementor-element elementor-element-5ef7908 elementor-align-left elementor-tablet-align-justify elementor-hidden-mobile elementor-hidden-tablet elementor-widget elementor-widget-button\" data-id=\"5ef7908\" data-element_type=\"widget\" data-e-type=\"widget\" data-widget_type=\"button.default\">\n\t\t\t\t<div class=\"elementor-widget-container\">\n\t\t\t\t\t\t\t\t\t<div class=\"elementor-button-wrapper\">\n\t\t\t\t\t<a class=\"elementor-button elementor-button-link elementor-size-sm elementor-animation-grow\" href=\"https:\/\/suvalgus.ee\/et\/toode\/collection-interno\/\">\n\t\t\t\t\t\t<span class=\"elementor-button-content-wrapper\">\n\t\t\t\t\t\t\t\t\t<span class=\"elementor-button-text\">Telli toode<\/span>\n\t\t\t\t\t<\/span>\n\t\t\t\t\t<\/a>\n\t\t\t\t<\/div>\n\t\t\t\t\t\t\t\t<\/div>\n\t\t\t\t<\/div>\n\t\t\t\t<\/div>\n\t\t<div class=\"elementor-element elementor-element-c80246e e-con-full e-flex e-con e-child\" data-id=\"c80246e\" data-element_type=\"container\" data-e-type=\"container\">\n\t\t\t\t<div class=\"elementor-element elementor-element-11162d0 elementor-arrows-position-inside elementor-pagination-position-outside elementor-widget elementor-widget-image-carousel\" data-id=\"11162d0\" data-element_type=\"widget\" data-e-type=\"widget\" data-settings=\"{&quot;slides_to_show&quot;:&quot;1&quot;,&quot;navigation&quot;:&quot;both&quot;,&quot;autoplay&quot;:&quot;yes&quot;,&quot;pause_on_hover&quot;:&quot;yes&quot;,&quot;pause_on_interaction&quot;:&quot;yes&quot;,&quot;autoplay_speed&quot;:5000,&quot;infinite&quot;:&quot;yes&quot;,&quot;effect&quot;:&quot;slide&quot;,&quot;speed&quot;:500}\" data-widget_type=\"image-carousel.default\">\n\t\t\t\t<div class=\"elementor-widget-container\">\n\t\t\t\t\t\t\t<div class=\"elementor-image-carousel-wrapper swiper\" role=\"region\" aria-roledescription=\"carousel\" aria-label=\"Image Carousel\" dir=\"ltr\">\n\t\t\t<div class=\"elementor-image-carousel swiper-wrapper\" aria-live=\"off\">\n\t\t\t\t\t\t\t\t<div class=\"swiper-slide\" role=\"group\" aria-roledescription=\"slide\" aria-label=\"1 of 4\"><figure class=\"swiper-slide-inner\"><img decoding=\"async\" class=\"swiper-slide-image\" src=\"https:\/\/suvalgus.ee\/wp-content\/uploads\/2025\/04\/Matte-white-1024x760.jpg\" alt=\"Matte white\" \/><\/figure><\/div><div class=\"swiper-slide\" role=\"group\" aria-roledescription=\"slide\" aria-label=\"2 of 4\"><figure class=\"swiper-slide-inner\"><img decoding=\"async\" class=\"swiper-slide-image\" src=\"https:\/\/suvalgus.ee\/wp-content\/uploads\/2025\/04\/Matte-black-group-matte2-1024x760.jpg\" alt=\"Matte black group matte2\" \/><\/figure><\/div><div class=\"swiper-slide\" role=\"group\" aria-roledescription=\"slide\" aria-label=\"3 of 4\"><figure class=\"swiper-slide-inner\"><img decoding=\"async\" class=\"swiper-slide-image\" src=\"https:\/\/suvalgus.ee\/wp-content\/uploads\/2025\/04\/Matte-white-2-1024x760.jpg\" alt=\"Matte white 2\" \/><\/figure><\/div><div class=\"swiper-slide\" role=\"group\" aria-roledescription=\"slide\" aria-label=\"4 of 4\"><figure class=\"swiper-slide-inner\"><img decoding=\"async\" class=\"swiper-slide-image\" src=\"https:\/\/suvalgus.ee\/wp-content\/uploads\/2025\/04\/Matte-black-group-matte3-1024x760.jpg\" alt=\"Matte black group matte3\" \/><\/figure><\/div>\t\t\t<\/div>\n\t\t\t\t\t\t\t\t\t\t\t\t<div class=\"elementor-swiper-button elementor-swiper-button-prev\" role=\"button\" tabindex=\"0\">\n\t\t\t\t\t\t<svg aria-hidden=\"true\" class=\"e-font-icon-svg e-eicon-chevron-left\" viewbox=\"0 0 1000 1000\" xmlns=\"http:\/\/www.w3.org\/2000\/svg\"><path d=\"M646 125C629 125 613 133 604 142L308 442C296 454 292 471 292 487 292 504 296 521 308 533L604 854C617 867 629 875 646 875 663 875 679 871 692 858 704 846 713 829 713 812 713 796 708 779 692 767L438 487 692 225C700 217 708 204 708 187 708 171 704 154 692 142 675 129 663 125 646 125Z\"><\/path><\/svg>\t\t\t\t\t<\/div>\n\t\t\t\t\t<div class=\"elementor-swiper-button elementor-swiper-button-next\" role=\"button\" tabindex=\"0\">\n\t\t\t\t\t\t<svg aria-hidden=\"true\" class=\"e-font-icon-svg e-eicon-chevron-right\" viewbox=\"0 0 1000 1000\" xmlns=\"http:\/\/www.w3.org\/2000\/svg\"><path d=\"M696 533C708 521 713 504 713 487 713 471 708 454 696 446L400 146C388 133 375 125 354 125 338 125 325 129 313 142 300 154 292 171 292 187 292 204 296 221 308 233L563 492 304 771C292 783 288 800 288 817 288 833 296 850 308 863 321 871 338 875 354 875 371 875 388 867 400 854L696 533Z\"><\/path><\/svg>\t\t\t\t\t<\/div>\n\t\t\t\t\n\t\t\t\t\t\t\t\t\t<div class=\"swiper-pagination\"><\/div>\n\t\t\t\t\t\t\t\t\t<\/div>\n\t\t\t\t\t\t<\/div>\n\t\t\t\t<\/div>\n\t\t\t\t<div class=\"elementor-element elementor-element-b24264d elementor-align-center elementor-tablet-align-justify elementor-hidden-desktop elementor-widget elementor-widget-button\" data-id=\"b24264d\" data-element_type=\"widget\" data-e-type=\"widget\" data-widget_type=\"button.default\">\n\t\t\t\t<div class=\"elementor-widget-container\">\n\t\t\t\t\t\t\t\t\t<div class=\"elementor-button-wrapper\">\n\t\t\t\t\t<a class=\"elementor-button elementor-button-link elementor-size-sm elementor-animation-grow\" href=\"https:\/\/suvalgus.ee\/et\/toode\/collection-interno\/\">\n\t\t\t\t\t\t<span class=\"elementor-button-content-wrapper\">\n\t\t\t\t\t\t\t\t\t<span class=\"elementor-button-text\">Telli toode<\/span>\n\t\t\t\t\t<\/span>\n\t\t\t\t\t<\/a>\n\t\t\t\t<\/div>\n\t\t\t\t\t\t\t\t<\/div>\n\t\t\t\t<\/div>\n\t\t\t\t<\/div>\n\t\t\t\t<\/div>\n\t\t<div class=\"elementor-element elementor-element-6c778e4 e-con-full e-flex e-con e-parent\" data-id=\"6c778e4\" data-element_type=\"container\" data-e-type=\"container\" data-settings=\"{&quot;background_background&quot;:&quot;gradient&quot;}\">\n\t\t<div class=\"elementor-element elementor-element-bb37415 e-con-full e-flex e-con e-child\" data-id=\"bb37415\" data-element_type=\"container\" data-e-type=\"container\">\n\t\t\t\t<div class=\"elementor-element elementor-element-cf51283 elementor-widget elementor-widget-heading\" data-id=\"cf51283\" data-element_type=\"widget\" data-e-type=\"widget\" data-widget_type=\"heading.default\">\n\t\t\t\t<div class=\"elementor-widget-container\">\n\t\t\t\t\t<h2 class=\"elementor-heading-title elementor-size-default\">INTERNO Marble<\/h2>\t\t\t\t<\/div>\n\t\t\t\t<\/div>\n\t\t\t\t<div class=\"elementor-element elementor-element-f49a450 elementor-widget elementor-widget-text-editor\" data-id=\"f49a450\" data-element_type=\"widget\" data-e-type=\"widget\" data-widget_type=\"text-editor.default\">\n\t\t\t\t<div class=\"elementor-widget-container\">\n\t\t\t\t\t\t\t\t\tKvaliteetne ja kriimustuskindel k\u00f5rgl\u00e4ikega Sibuglas on materjal, millest valmistatud tooded on erakordselt kaunid ja luksuslikud. Valge v\u00f5i must marmor muster on rikkalik ja silmapaistev valik.\n\n\t\t\t\t\t\t\t\t<\/div>\n\t\t\t\t<\/div>\n\t\t\t\t<div class=\"elementor-element elementor-element-56fd18d elementor-align-left elementor-tablet-align-justify elementor-hidden-mobile elementor-hidden-tablet elementor-widget elementor-widget-button\" data-id=\"56fd18d\" data-element_type=\"widget\" data-e-type=\"widget\" data-widget_type=\"button.default\">\n\t\t\t\t<div class=\"elementor-widget-container\">\n\t\t\t\t\t\t\t\t\t<div class=\"elementor-button-wrapper\">\n\t\t\t\t\t<a class=\"elementor-button elementor-button-link elementor-size-sm elementor-animation-grow\" href=\"https:\/\/suvalgus.ee\/et\/toode\/collection-interno-marble\/\">\n\t\t\t\t\t\t<span class=\"elementor-button-content-wrapper\">\n\t\t\t\t\t\t\t\t\t<span class=\"elementor-button-text\">Telli toode<\/span>\n\t\t\t\t\t<\/span>\n\t\t\t\t\t<\/a>\n\t\t\t\t<\/div>\n\t\t\t\t\t\t\t\t<\/div>\n\t\t\t\t<\/div>\n\t\t\t\t<\/div>\n\t\t<div class=\"elementor-element elementor-element-c8f42ed e-con-full e-flex e-con e-child\" data-id=\"c8f42ed\" data-element_type=\"container\" data-e-type=\"container\">\n\t\t\t\t<div class=\"elementor-element elementor-element-db0fb88 elementor-arrows-position-inside elementor-pagination-position-outside elementor-widget elementor-widget-image-carousel\" data-id=\"db0fb88\" data-element_type=\"widget\" data-e-type=\"widget\" data-settings=\"{&quot;slides_to_show&quot;:&quot;1&quot;,&quot;navigation&quot;:&quot;both&quot;,&quot;autoplay&quot;:&quot;yes&quot;,&quot;pause_on_hover&quot;:&quot;yes&quot;,&quot;pause_on_interaction&quot;:&quot;yes&quot;,&quot;autoplay_speed&quot;:5000,&quot;infinite&quot;:&quot;yes&quot;,&quot;effect&quot;:&quot;slide&quot;,&quot;speed&quot;:500}\" data-widget_type=\"image-carousel.default\">\n\t\t\t\t<div class=\"elementor-widget-container\">\n\t\t\t\t\t\t\t<div class=\"elementor-image-carousel-wrapper swiper\" role=\"region\" aria-roledescription=\"carousel\" aria-label=\"Image Carousel\" dir=\"ltr\">\n\t\t\t<div class=\"elementor-image-carousel swiper-wrapper\" aria-live=\"off\">\n\t\t\t\t\t\t\t\t<div class=\"swiper-slide\" role=\"group\" aria-roledescription=\"slide\" aria-label=\"1 of 4\"><figure class=\"swiper-slide-inner\"><img decoding=\"async\" class=\"swiper-slide-image\" src=\"https:\/\/suvalgus.ee\/wp-content\/uploads\/2025\/04\/marble4-1024x760.jpg\" alt=\"marble4\" \/><\/figure><\/div><div class=\"swiper-slide\" role=\"group\" aria-roledescription=\"slide\" aria-label=\"2 of 4\"><figure class=\"swiper-slide-inner\"><img decoding=\"async\" class=\"swiper-slide-image\" src=\"https:\/\/suvalgus.ee\/wp-content\/uploads\/2025\/04\/marble1-1024x760.jpg\" alt=\"marble1\" \/><\/figure><\/div><div class=\"swiper-slide\" role=\"group\" aria-roledescription=\"slide\" aria-label=\"3 of 4\"><figure class=\"swiper-slide-inner\"><img decoding=\"async\" class=\"swiper-slide-image\" src=\"https:\/\/suvalgus.ee\/wp-content\/uploads\/2025\/04\/marble2-1024x760.jpg\" alt=\"marble2\" \/><\/figure><\/div><div class=\"swiper-slide\" role=\"group\" aria-roledescription=\"slide\" aria-label=\"4 of 4\"><figure class=\"swiper-slide-inner\"><img decoding=\"async\" class=\"swiper-slide-image\" src=\"https:\/\/suvalgus.ee\/wp-content\/uploads\/2025\/04\/marble3-1024x760.jpg\" alt=\"marble3\" \/><\/figure><\/div>\t\t\t<\/div>\n\t\t\t\t\t\t\t\t\t\t\t\t<div class=\"elementor-swiper-button elementor-swiper-button-prev\" role=\"button\" tabindex=\"0\">\n\t\t\t\t\t\t<svg aria-hidden=\"true\" class=\"e-font-icon-svg e-eicon-chevron-left\" viewbox=\"0 0 1000 1000\" xmlns=\"http:\/\/www.w3.org\/2000\/svg\"><path d=\"M646 125C629 125 613 133 604 142L308 442C296 454 292 471 292 487 292 504 296 521 308 533L604 854C617 867 629 875 646 875 663 875 679 871 692 858 704 846 713 829 713 812 713 796 708 779 692 767L438 487 692 225C700 217 708 204 708 187 708 171 704 154 692 142 675 129 663 125 646 125Z\"><\/path><\/svg>\t\t\t\t\t<\/div>\n\t\t\t\t\t<div class=\"elementor-swiper-button elementor-swiper-button-next\" role=\"button\" tabindex=\"0\">\n\t\t\t\t\t\t<svg aria-hidden=\"true\" class=\"e-font-icon-svg e-eicon-chevron-right\" viewbox=\"0 0 1000 1000\" xmlns=\"http:\/\/www.w3.org\/2000\/svg\"><path d=\"M696 533C708 521 713 504 713 487 713 471 708 454 696 446L400 146C388 133 375 125 354 125 338 125 325 129 313 142 300 154 292 171 292 187 292 204 296 221 308 233L563 492 304 771C292 783 288 800 288 817 288 833 296 850 308 863 321 871 338 875 354 875 371 875 388 867 400 854L696 533Z\"><\/path><\/svg>\t\t\t\t\t<\/div>\n\t\t\t\t\n\t\t\t\t\t\t\t\t\t<div class=\"swiper-pagination\"><\/div>\n\t\t\t\t\t\t\t\t\t<\/div>\n\t\t\t\t\t\t<\/div>\n\t\t\t\t<\/div>\n\t\t\t\t<div class=\"elementor-element elementor-element-18126e1 elementor-align-center elementor-tablet-align-justify elementor-hidden-desktop elementor-widget elementor-widget-button\" data-id=\"18126e1\" data-element_type=\"widget\" data-e-type=\"widget\" data-widget_type=\"button.default\">\n\t\t\t\t<div class=\"elementor-widget-container\">\n\t\t\t\t\t\t\t\t\t<div class=\"elementor-button-wrapper\">\n\t\t\t\t\t<a class=\"elementor-button elementor-button-link elementor-size-sm elementor-animation-grow\" href=\"https:\/\/suvalgus.ee\/et\/toode\/collection-interno-marble\/\">\n\t\t\t\t\t\t<span class=\"elementor-button-content-wrapper\">\n\t\t\t\t\t\t\t\t\t<span class=\"elementor-button-text\">Telli toode<\/span>\n\t\t\t\t\t<\/span>\n\t\t\t\t\t<\/a>\n\t\t\t\t<\/div>\n\t\t\t\t\t\t\t\t<\/div>\n\t\t\t\t<\/div>\n\t\t\t\t<\/div>\n\t\t\t\t<\/div>\n\t\t\t\t<\/div>","protected":false},"excerpt":{"rendered":"<p>Interno Matte The Interno Collection adds elegance and warmth to indoor spaces with its sophisticated planter design. Created to complement modern interiors, these planters highlight greenery while effortlessly blending with any d\u00e9cor. Perfect for crafting cozy, refined, and nature-inspired environments. Matte white or black acrylic finish gives interiors a modern and minimalist look while highlighting [&hellip;]<\/p>\n","protected":false},"author":1,"featured_media":0,"parent":0,"menu_order":0,"comment_status":"closed","ping_status":"closed","template":"elementor_header_footer","meta":{"footnotes":""},"class_list":["post-76","page","type-page","status-publish","hentry"],"yoast_head":"<!-- This site is optimized with the Yoast SEO plugin v27.4 - https:\/\/yoast.com\/product\/yoast-seo-wordpress\/ -->\n<title>Collection Interno: Style Meets Outdoor Lighting - Suvalgus<\/title>\n<meta name=\"description\" content=\"Explore Collection Interno and how it elevates outdoor lighting with modern elegance. Get inspired by expert insights and lighting trends.\" \/>\n<meta name=\"robots\" content=\"index, follow, max-snippet:-1, max-image-preview:large, max-video-preview:-1\" \/>\n<link rel=\"canonical\" href=\"https:\/\/suvalgus.ee\/et\/collection-interno\/\" \/>\n<meta property=\"og:locale\" content=\"et_EE\" \/>\n<meta property=\"og:type\" content=\"article\" \/>\n<meta property=\"og:title\" content=\"Collection Interno: Style Meets Outdoor Lighting - Suvalgus\" \/>\n<meta property=\"og:description\" content=\"Explore Collection Interno and how it elevates outdoor lighting with modern elegance. Get inspired by expert insights and lighting trends.\" \/>\n<meta property=\"og:url\" content=\"https:\/\/suvalgus.ee\/et\/collection-interno\/\" \/>\n<meta property=\"og:site_name\" content=\"Suvalgus\" \/>\n<meta property=\"article:modified_time\" content=\"2025-07-06T20:44:53+00:00\" \/>\n<meta property=\"og:image\" content=\"https:\/\/suvalgus.ee\/wp-content\/uploads\/2025\/04\/Matte-white-1024x760.jpg\" \/>\n<meta name=\"twitter:card\" content=\"summary_large_image\" \/>\n<meta name=\"twitter:label1\" content=\"Est. reading time\" \/>\n\t<meta name=\"twitter:data1\" content=\"3 minutit\" \/>\n<script type=\"application\/ld+json\" class=\"yoast-schema-graph\">{\"@context\":\"https:\\\/\\\/schema.org\",\"@graph\":[{\"@type\":\"WebPage\",\"@id\":\"https:\\\/\\\/suvalgus.ee\\\/collection-interno\\\/\",\"url\":\"https:\\\/\\\/suvalgus.ee\\\/collection-interno\\\/\",\"name\":\"Collection Interno: Style Meets Outdoor Lighting - Suvalgus\",\"isPartOf\":{\"@id\":\"https:\\\/\\\/suvalgus.ee\\\/#website\"},\"primaryImageOfPage\":{\"@id\":\"https:\\\/\\\/suvalgus.ee\\\/collection-interno\\\/#primaryimage\"},\"image\":{\"@id\":\"https:\\\/\\\/suvalgus.ee\\\/collection-interno\\\/#primaryimage\"},\"thumbnailUrl\":\"https:\\\/\\\/suvalgus.ee\\\/wp-content\\\/uploads\\\/2025\\\/04\\\/Matte-white-1024x760.jpg\",\"datePublished\":\"2025-02-02T19:12:19+00:00\",\"dateModified\":\"2025-07-06T20:44:53+00:00\",\"description\":\"Explore Collection Interno and how it elevates outdoor lighting with modern elegance. Get inspired by expert insights and lighting trends.\",\"breadcrumb\":{\"@id\":\"https:\\\/\\\/suvalgus.ee\\\/collection-interno\\\/#breadcrumb\"},\"inLanguage\":\"et\",\"potentialAction\":[{\"@type\":\"ReadAction\",\"target\":[\"https:\\\/\\\/suvalgus.ee\\\/collection-interno\\\/\"]}]},{\"@type\":\"ImageObject\",\"inLanguage\":\"et\",\"@id\":\"https:\\\/\\\/suvalgus.ee\\\/collection-interno\\\/#primaryimage\",\"url\":\"https:\\\/\\\/suvalgus.ee\\\/wp-content\\\/uploads\\\/2025\\\/04\\\/Matte-white-1024x760.jpg\",\"contentUrl\":\"https:\\\/\\\/suvalgus.ee\\\/wp-content\\\/uploads\\\/2025\\\/04\\\/Matte-white-1024x760.jpg\"},{\"@type\":\"BreadcrumbList\",\"@id\":\"https:\\\/\\\/suvalgus.ee\\\/collection-interno\\\/#breadcrumb\",\"itemListElement\":[{\"@type\":\"ListItem\",\"position\":1,\"name\":\"Home\",\"item\":\"https:\\\/\\\/suvalgus.ee\\\/\"},{\"@type\":\"ListItem\",\"position\":2,\"name\":\"Collection Interno\"}]},{\"@type\":\"WebSite\",\"@id\":\"https:\\\/\\\/suvalgus.ee\\\/#website\",\"url\":\"https:\\\/\\\/suvalgus.ee\\\/\",\"name\":\"Suvalgus\",\"description\":\"\",\"potentialAction\":[{\"@type\":\"SearchAction\",\"target\":{\"@type\":\"EntryPoint\",\"urlTemplate\":\"https:\\\/\\\/suvalgus.ee\\\/?s={search_term_string}\"},\"query-input\":{\"@type\":\"PropertyValueSpecification\",\"valueRequired\":true,\"valueName\":\"search_term_string\"}}],\"inLanguage\":\"et\"}]}<\/script>\n<!-- \/ Yoast SEO plugin. -->","yoast_head_json":{"title":"Collection Interno: Style Meets Outdoor Lighting - Suvalgus","description":"Explore Collection Interno and how it elevates outdoor lighting with modern elegance. Get inspired by expert insights and lighting trends.","robots":{"index":"index","follow":"follow","max-snippet":"max-snippet:-1","max-image-preview":"max-image-preview:large","max-video-preview":"max-video-preview:-1"},"canonical":"https:\/\/suvalgus.ee\/et\/collection-interno\/","og_locale":"et_EE","og_type":"article","og_title":"Collection Interno: Style Meets Outdoor Lighting - Suvalgus","og_description":"Explore Collection Interno and how it elevates outdoor lighting with modern elegance. Get inspired by expert insights and lighting trends.","og_url":"https:\/\/suvalgus.ee\/et\/collection-interno\/","og_site_name":"Suvalgus","article_modified_time":"2025-07-06T20:44:53+00:00","og_image":[{"url":"https:\/\/suvalgus.ee\/wp-content\/uploads\/2025\/04\/Matte-white-1024x760.jpg","type":"","width":"","height":""}],"twitter_card":"summary_large_image","twitter_misc":{"Est. reading time":"3 minutit"},"schema":{"@context":"https:\/\/schema.org","@graph":[{"@type":"WebPage","@id":"https:\/\/suvalgus.ee\/collection-interno\/","url":"https:\/\/suvalgus.ee\/collection-interno\/","name":"Collection Interno: Style Meets Outdoor Lighting - Suvalgus","isPartOf":{"@id":"https:\/\/suvalgus.ee\/#website"},"primaryImageOfPage":{"@id":"https:\/\/suvalgus.ee\/collection-interno\/#primaryimage"},"image":{"@id":"https:\/\/suvalgus.ee\/collection-interno\/#primaryimage"},"thumbnailUrl":"https:\/\/suvalgus.ee\/wp-content\/uploads\/2025\/04\/Matte-white-1024x760.jpg","datePublished":"2025-02-02T19:12:19+00:00","dateModified":"2025-07-06T20:44:53+00:00","description":"Explore Collection Interno and how it elevates outdoor lighting with modern elegance. Get inspired by expert insights and lighting trends.","breadcrumb":{"@id":"https:\/\/suvalgus.ee\/collection-interno\/#breadcrumb"},"inLanguage":"et","potentialAction":[{"@type":"ReadAction","target":["https:\/\/suvalgus.ee\/collection-interno\/"]}]},{"@type":"ImageObject","inLanguage":"et","@id":"https:\/\/suvalgus.ee\/collection-interno\/#primaryimage","url":"https:\/\/suvalgus.ee\/wp-content\/uploads\/2025\/04\/Matte-white-1024x760.jpg","contentUrl":"https:\/\/suvalgus.ee\/wp-content\/uploads\/2025\/04\/Matte-white-1024x760.jpg"},{"@type":"BreadcrumbList","@id":"https:\/\/suvalgus.ee\/collection-interno\/#breadcrumb","itemListElement":[{"@type":"ListItem","position":1,"name":"Home","item":"https:\/\/suvalgus.ee\/"},{"@type":"ListItem","position":2,"name":"Collection Interno"}]},{"@type":"WebSite","@id":"https:\/\/suvalgus.ee\/#website","url":"https:\/\/suvalgus.ee\/","name":"Suvalgus","description":"","potentialAction":[{"@type":"SearchAction","target":{"@type":"EntryPoint","urlTemplate":"https:\/\/suvalgus.ee\/?s={search_term_string}"},"query-input":{"@type":"PropertyValueSpecification","valueRequired":true,"valueName":"search_term_string"}}],"inLanguage":"et"}]}},"_links":{"self":[{"href":"https:\/\/suvalgus.ee\/et\/wp-json\/wp\/v2\/pages\/76","targetHints":{"allow":["GET"]}}],"collection":[{"href":"https:\/\/suvalgus.ee\/et\/wp-json\/wp\/v2\/pages"}],"about":[{"href":"https:\/\/suvalgus.ee\/et\/wp-json\/wp\/v2\/types\/page"}],"author":[{"embeddable":true,"href":"https:\/\/suvalgus.ee\/et\/wp-json\/wp\/v2\/users\/1"}],"replies":[{"embeddable":true,"href":"https:\/\/suvalgus.ee\/et\/wp-json\/wp\/v2\/comments?post=76"}],"version-history":[{"count":55,"href":"https:\/\/suvalgus.ee\/et\/wp-json\/wp\/v2\/pages\/76\/revisions"}],"predecessor-version":[{"id":1443,"href":"https:\/\/suvalgus.ee\/et\/wp-json\/wp\/v2\/pages\/76\/revisions\/1443"}],"wp:attachment":[{"href":"https:\/\/suvalgus.ee\/et\/wp-json\/wp\/v2\/media?parent=76"}],"curies":[{"name":"wp","href":"https:\/\/api.w.org\/{rel}","templated":true}]}}